{"id":926,"date":"2026-02-16T04:22:06","date_gmt":"2026-02-16T03:22:06","guid":{"rendered":"https:\/\/www.makirun.com\/?page_id=926"},"modified":"2026-03-04T18:51:05","modified_gmt":"2026-03-04T17:51:05","slug":"inscriptions-fermees","status":"publish","type":"page","link":"https:\/\/www.makirun.com\/index.php\/inscriptions-fermees\/","title":{"rendered":"Inscriptions"},"content":{"rendered":"\t\t<div data-elementor-type=\"wp-page\" data-elementor-id=\"926\" class=\"elementor elementor-926\">\n\t\t\t\t\t\t<section class=\"elementor-section elementor-top-section elementor-element elementor-element-d792088 elementor-section-boxed elementor-section-height-default elementor-section-height-default\" data-id=\"d792088\" data-element_type=\"section\" data-e-type=\"section\">\n\t\t\t\t\t\t<div class=\"elementor-container elementor-column-gap-default\">\n\t\t\t\t\t<div class=\"elementor-column elementor-col-50 elementor-top-column elementor-element elementor-element-5c6470a\" data-id=\"5c6470a\" data-element_type=\"column\" data-e-type=\"column\">\n\t\t\t<div class=\"elementor-widget-wrap elementor-element-populated\">\n\t\t\t\t\t\t<div class=\"elementor-element elementor-element-f868619 elementor-widget elementor-widget-image\" data-id=\"f868619\" data-element_type=\"widget\" data-e-type=\"widget\" data-widget_type=\"image.default\">\n\t\t\t\t<div class=\"elementor-widget-container\">\n\t\t\t\t\t\t\t\t\t\t\t\t\t\t\t<img fetchpriority=\"high\" decoding=\"async\" width=\"630\" height=\"519\" src=\"https:\/\/www.makirun.com\/wp-content\/uploads\/2022\/06\/souch.jpg\" class=\"attachment-large size-large wp-image-145\" alt=\"\" srcset=\"https:\/\/www.makirun.com\/wp-content\/uploads\/2022\/06\/souch.jpg 630w, https:\/\/www.makirun.com\/wp-content\/uploads\/2022\/06\/souch-300x247.jpg 300w\" sizes=\"(max-width: 630px) 100vw, 630px\" \/>\t\t\t\t\t\t\t\t\t\t\t\t\t\t\t<\/div>\n\t\t\t\t<\/div>\n\t\t\t\t\t<\/div>\n\t\t<\/div>\n\t\t\t\t<div class=\"elementor-column elementor-col-50 elementor-top-column elementor-element elementor-element-035e26c\" data-id=\"035e26c\" data-element_type=\"column\" data-e-type=\"column\">\n\t\t\t<div class=\"elementor-widget-wrap elementor-element-populated\">\n\t\t\t\t\t\t<div class=\"elementor-element elementor-element-693c564 elementor-widget elementor-widget-heading\" data-id=\"693c564\" data-element_type=\"widget\" data-e-type=\"widget\" data-widget_type=\"heading.default\">\n\t\t\t\t<div class=\"elementor-widget-container\">\n\t\t\t\t\t<h1 class=\"elementor-heading-title elementor-size-default\">Les pr\u00e9-inscriptions 2026 sont ouvertes<\/h1>\t\t\t\t<\/div>\n\t\t\t\t<\/div>\n\t\t\t\t<div class=\"elementor-element elementor-element-1a97021 elementor-widget elementor-widget-text-editor\" data-id=\"1a97021\" data-element_type=\"widget\" data-e-type=\"widget\" data-widget_type=\"text-editor.default\">\n\t\t\t\t<div class=\"elementor-widget-container\">\n\t\t\t\t\t\t\t\t\t<p>Inscrivez vous en ligne. Vous r\u00e9cup\u00e9rerez, validerez et effectuerez les paiement en retirant votre dossard.\u00a0<\/p><p>Veillez \u00e0 bien remplir tous les champs.\u00a0<\/p>\t\t\t\t\t\t\t\t<\/div>\n\t\t\t\t<\/div>\n\t\t\t\t\t<\/div>\n\t\t<\/div>\n\t\t\t\t\t<\/div>\n\t\t<\/section>\n\t\t\t\t<section class=\"elementor-section elementor-top-section elementor-element elementor-element-7fbbc4e elementor-section-boxed elementor-section-height-default elementor-section-height-default\" data-id=\"7fbbc4e\" data-element_type=\"section\" data-e-type=\"section\">\n\t\t\t\t\t\t<div class=\"elementor-container elementor-column-gap-default\">\n\t\t\t\t\t<div class=\"elementor-column elementor-col-100 elementor-top-column elementor-element elementor-element-0a1ac20\" data-id=\"0a1ac20\" data-element_type=\"column\" data-e-type=\"column\">\n\t\t\t<div class=\"elementor-widget-wrap elementor-element-populated\">\n\t\t\t\t\t\t<div class=\"elementor-element elementor-element-ddb0e3e premium-cf7-cselect-yes premium-cf7-button-align-center elementor-widget elementor-widget-premium-contact-form\" data-id=\"ddb0e3e\" data-element_type=\"widget\" data-e-type=\"widget\" data-widget_type=\"premium-contact-form.default\">\n\t\t\t\t<div class=\"elementor-widget-container\">\n\t\t\t\t\t\n\t\t\t\n\t\t\t<div class=\"premium-cf7-container\" data-settings=\"{&quot;fields_glass&quot;:&quot;none&quot;,&quot;submit_glass&quot;:&quot;none&quot;}\">\n\t\t\t\t\n<div class=\"wpcf7 no-js\" id=\"wpcf7-f150-o1\" lang=\"fr-FR\" dir=\"ltr\" data-wpcf7-id=\"150\">\n<div class=\"screen-reader-response\"><p role=\"status\" aria-live=\"polite\" aria-atomic=\"true\"><\/p> <ul><\/ul><\/div>\n<form action=\"\/index.php\/wp-json\/wp\/v2\/pages\/926#wpcf7-f150-o1\" method=\"post\" class=\"wpcf7-form init\" aria-label=\"Formulaire de contact\" novalidate=\"novalidate\" data-status=\"init\">\n<fieldset class=\"hidden-fields-container\"><input type=\"hidden\" name=\"_wpcf7\" value=\"150\" \/><input type=\"hidden\" name=\"_wpcf7_version\" value=\"6.1.5\" \/><input type=\"hidden\" name=\"_wpcf7_locale\" value=\"fr_FR\" \/><input type=\"hidden\" name=\"_wpcf7_unit_tag\" value=\"wpcf7-f150-o1\" \/><input type=\"hidden\" name=\"_wpcf7_container_post\" value=\"0\" \/><input type=\"hidden\" name=\"_wpcf7_posted_data_hash\" value=\"\" \/><input type=\"hidden\" name=\"_wpcf7_recaptcha_response\" value=\"\" \/>\n<\/fieldset>\n<div class=\"uacf7-form-wrapper-container uacf7-form-150  \"><label>Votre Pr\u00e9nom (obligatoire)\n<span class=\"wpcf7-form-control-wrap\" data-name=\"prenom\"><input size=\"40\" maxlength=\"400\" class=\"wpcf7-form-control wpcf7-text wpcf7-validates-as-required\" aria-required=\"true\" aria-invalid=\"false\" placeholder=\"Votre pr\u00e9nom\" value=\"\" type=\"text\" name=\"prenom\" \/><\/span>\n<\/label>\n\n<label>Votre Nom (obligatoire)\n<span class=\"wpcf7-form-control-wrap\" data-name=\"nom\"><input size=\"40\" maxlength=\"400\" class=\"wpcf7-form-control wpcf7-text wpcf7-validates-as-required\" aria-required=\"true\" aria-invalid=\"false\" placeholder=\"Votre nom\" value=\"\" type=\"text\" name=\"nom\" \/><\/span>\n<\/label>\n\n<label>Votre e-mail\n<span class=\"wpcf7-form-control-wrap\" data-name=\"your-email\"><input size=\"40\" maxlength=\"400\" class=\"wpcf7-form-control wpcf7-email wpcf7-validates-as-required wpcf7-text wpcf7-validates-as-email\" aria-required=\"true\" aria-invalid=\"false\" value=\"\" type=\"email\" name=\"your-email\" \/><\/span>\n<\/label>\n\n<label>Date de naissance\n<span class=\"wpcf7-form-control-wrap\" data-name=\"naissance\"><input class=\"wpcf7-form-control wpcf7-date wpcf7-validates-as-required wpcf7-validates-as-date\" aria-required=\"true\" aria-invalid=\"false\" value=\"\" type=\"date\" name=\"naissance\" \/><\/span>\n<\/label>\n\n<label>Genre<\/label>\n<span class=\"wpcf7-form-control-wrap\" data-name=\"genre\"><span class=\"wpcf7-form-control wpcf7-radio\"><span class=\"wpcf7-list-item first\"><input type=\"radio\" name=\"genre\" value=\"Homme\" \/><span class=\"wpcf7-list-item-label\">Homme<\/span><\/span><span class=\"wpcf7-list-item last\"><input type=\"radio\" name=\"genre\" value=\"Femme\" \/><span class=\"wpcf7-list-item-label\">Femme<\/span><\/span><\/span><\/span>\n\n<label>Ma course<\/label>\n<span class=\"wpcf7-form-control-wrap\" data-name=\"course\"><span class=\"wpcf7-form-control wpcf7-radio\"><span class=\"wpcf7-list-item first\"><input type=\"radio\" name=\"course\" value=\"10km\" \/><span class=\"wpcf7-list-item-label\">10km<\/span><\/span><span class=\"wpcf7-list-item last\"><input type=\"radio\" name=\"course\" value=\"23km\" \/><span class=\"wpcf7-list-item-label\">23km<\/span><\/span><\/span><\/span>\n\n<label>Tarif d'inscription<\/label>\n<span class=\"wpcf7-form-control-wrap\" data-name=\"inscription\"><span class=\"wpcf7-form-control wpcf7-radio\"><span class=\"wpcf7-list-item first\"><input type=\"radio\" name=\"inscription\" value=\"Malagasy 60 000 ar\" \/><span class=\"wpcf7-list-item-label\">Malagasy 60 000 ar<\/span><\/span><span class=\"wpcf7-list-item\"><input type=\"radio\" name=\"inscription\" value=\"R\u00e9sident 80 000 ar\" \/><span class=\"wpcf7-list-item-label\">R\u00e9sident 80 000 ar<\/span><\/span><span class=\"wpcf7-list-item last\"><input type=\"radio\" name=\"inscription\" value=\"\u00c9tranger 160 000 (35 euros)\" \/><span class=\"wpcf7-list-item-label\">\u00c9tranger 160 000 (35 euros)<\/span><\/span><\/span><\/span>\n\n<label>Taille tee-shirt<\/label>\n<span class=\"wpcf7-form-control-wrap\" data-name=\"taille\"><span class=\"wpcf7-form-control wpcf7-radio\"><span class=\"wpcf7-list-item first\"><input type=\"radio\" name=\"taille\" value=\"XS\" \/><span class=\"wpcf7-list-item-label\">XS<\/span><\/span><span class=\"wpcf7-list-item\"><input type=\"radio\" name=\"taille\" value=\"S\" \/><span class=\"wpcf7-list-item-label\">S<\/span><\/span><span class=\"wpcf7-list-item\"><input type=\"radio\" name=\"taille\" value=\"M\" \/><span class=\"wpcf7-list-item-label\">M<\/span><\/span><span class=\"wpcf7-list-item\"><input type=\"radio\" name=\"taille\" value=\"L\" \/><span class=\"wpcf7-list-item-label\">L<\/span><\/span><span class=\"wpcf7-list-item last\"><input type=\"radio\" name=\"taille\" value=\"XL\" \/><span class=\"wpcf7-list-item-label\">XL<\/span><\/span><\/span><\/span>\n\n\n<label>Je suis dans un club<\/label>\n<span class=\"wpcf7-form-control-wrap\" data-name=\"club\"><span class=\"wpcf7-form-control wpcf7-checkbox\"><span class=\"wpcf7-list-item first last\"><input type=\"checkbox\" name=\"club[]\" value=\"club\" \/><span class=\"wpcf7-list-item-label\">club<\/span><\/span><\/span><\/span>\n<span class=\"wpcf7-form-control-wrap\" data-name=\"nom-club\"><input size=\"40\" maxlength=\"400\" class=\"wpcf7-form-control wpcf7-text\" aria-invalid=\"false\" placeholder=\"Nom du club\" value=\"\" type=\"text\" name=\"nom-club\" \/><\/span>\n\n<span class=\"wpcf7-form-control-wrap\" data-name=\"conditions\"><span class=\"wpcf7-form-control wpcf7-acceptance\"><span class=\"wpcf7-list-item\"><label><input type=\"checkbox\" name=\"conditions\" value=\"1\" aria-invalid=\"false\" \/><span class=\"wpcf7-list-item-label\">J'accepte les conditions d'inscription et le r\u00e8glement de la Maki Run<\/span><\/label><\/span><\/span><\/span>\n\n<span class=\"wpcf7-form-control-wrap\" data-name=\"sante\"><span class=\"wpcf7-form-control wpcf7-acceptance\"><span class=\"wpcf7-list-item\"><label><input type=\"checkbox\" name=\"sante\" value=\"1\" aria-invalid=\"false\" \/><span class=\"wpcf7-list-item-label\">Je certifie \u00eatre en bonne sant\u00e9 et ne pas avoir de contre-indications \u00e0 un trail de montagne.<\/span><\/label><\/span><\/span><\/span>\n\n<label>Votre message (facultatif)\n<span class=\"wpcf7-form-control-wrap\" data-name=\"your-message\"><textarea cols=\"40\" rows=\"10\" maxlength=\"2000\" class=\"wpcf7-form-control wpcf7-textarea\" aria-invalid=\"false\" name=\"your-message\"><\/textarea><\/span>\n<\/label>\n\n<input class=\"wpcf7-form-control wpcf7-submit has-spinner\" type=\"submit\" value=\"Envoyer\" \/><\/div><p style=\"display: none !important;\" class=\"akismet-fields-container\" data-prefix=\"_wpcf7_ak_\"><label>&#916;<textarea name=\"_wpcf7_ak_hp_textarea\" cols=\"45\" rows=\"8\" maxlength=\"100\"><\/textarea><\/label><input type=\"hidden\" id=\"ak_js_1\" name=\"_wpcf7_ak_js\" value=\"202\"\/><script>document.getElementById( \"ak_js_1\" ).setAttribute( \"value\", ( new Date() ).getTime() );<\/script><\/p><div class=\"wpcf7-response-output\" aria-hidden=\"true\"><\/div>\n<\/form>\n<\/div>\n\t\t\t<\/div>\n\n\t\t\t\t\t\t\t<\/div>\n\t\t\t\t<\/div>\n\t\t\t\t\t<\/div>\n\t\t<\/div>\n\t\t\t\t\t<\/div>\n\t\t<\/section>\n\t\t\t\t<\/div>\n\t\t","protected":false},"excerpt":{"rendered":"<p>Les pr\u00e9-inscriptions 2026 sont ouvertes Inscrivez vous en ligne. Vous r\u00e9cup\u00e9rerez, validerez et effectuerez les paiement en retirant votre dossard.\u00a0 Veillez \u00e0 bien remplir tous les champs.\u00a0 Votre Pr\u00e9nom (obligatoire) Votre Nom (obligatoire) Votre e-mail Date de naissance Genre HommeFemme Ma course 10km23km Tarif d&rsquo;inscription Malagasy 40 000 arR\u00e9sident 80 000 ar\u00c9tranger 160 000 (35 [&hellip;]<\/p>\n","protected":false},"author":1,"featured_media":0,"parent":0,"menu_order":0,"comment_status":"closed","ping_status":"closed","template":"","meta":{"ocean_post_layout":"","ocean_both_sidebars_style":"","ocean_both_sidebars_content_width":0,"ocean_both_sidebars_sidebars_width":0,"ocean_sidebar":"","ocean_second_sidebar":"","ocean_disable_margins":"enable","ocean_add_body_class":"","ocean_shortcode_before_top_bar":"","ocean_shortcode_after_top_bar":"","ocean_shortcode_before_header":"","ocean_shortcode_after_header":"","ocean_has_shortcode":"","ocean_shortcode_after_title":"","ocean_shortcode_before_footer_widgets":"","ocean_shortcode_after_footer_widgets":"","ocean_shortcode_before_footer_bottom":"","ocean_shortcode_after_footer_bottom":"","ocean_display_top_bar":"default","ocean_display_header":"default","ocean_header_style":"","ocean_center_header_left_menu":"","ocean_custom_header_template":"","ocean_custom_logo":0,"ocean_custom_retina_logo":0,"ocean_custom_logo_max_width":0,"ocean_custom_logo_tablet_max_width":0,"ocean_custom_logo_mobile_max_width":0,"ocean_custom_logo_max_height":0,"ocean_custom_logo_tablet_max_height":0,"ocean_custom_logo_mobile_max_height":0,"ocean_header_custom_menu":"","ocean_menu_typo_font_family":"","ocean_menu_typo_font_subset":"","ocean_menu_typo_font_size":0,"ocean_menu_typo_font_size_tablet":0,"ocean_menu_typo_font_size_mobile":0,"ocean_menu_typo_font_size_unit":"px","ocean_menu_typo_font_weight":"","ocean_menu_typo_font_weight_tablet":"","ocean_menu_typo_font_weight_mobile":"","ocean_menu_typo_transform":"","ocean_menu_typo_transform_tablet":"","ocean_menu_typo_transform_mobile":"","ocean_menu_typo_line_height":0,"ocean_menu_typo_line_height_tablet":0,"ocean_menu_typo_line_height_mobile":0,"ocean_menu_typo_line_height_unit":"","ocean_menu_typo_spacing":0,"ocean_menu_typo_spacing_tablet":0,"ocean_menu_typo_spacing_mobile":0,"ocean_menu_typo_spacing_unit":"","ocean_menu_link_color":"","ocean_menu_link_color_hover":"","ocean_menu_link_color_active":"","ocean_menu_link_background":"","ocean_menu_link_hover_background":"","ocean_menu_link_active_background":"","ocean_menu_social_links_bg":"","ocean_menu_social_hover_links_bg":"","ocean_menu_social_links_color":"","ocean_menu_social_hover_links_color":"","ocean_disable_title":"default","ocean_disable_heading":"default","ocean_post_title":"","ocean_post_subheading":"","ocean_post_title_style":"","ocean_post_title_background_color":"","ocean_post_title_background":0,"ocean_post_title_bg_image_position":"","ocean_post_title_bg_image_attachment":"","ocean_post_title_bg_image_repeat":"","ocean_post_title_bg_image_size":"","ocean_post_title_height":0,"ocean_post_title_bg_overlay":0.5,"ocean_post_title_bg_overlay_color":"","ocean_disable_breadcrumbs":"default","ocean_breadcrumbs_color":"","ocean_breadcrumbs_separator_color":"","ocean_breadcrumbs_links_color":"","ocean_breadcrumbs_links_hover_color":"","ocean_display_footer_widgets":"default","ocean_display_footer_bottom":"default","ocean_custom_footer_template":"","footnotes":""},"class_list":["post-926","page","type-page","status-publish","hentry","entry"],"yoast_head":"<!-- This site is optimized with the Yoast SEO plugin v27.3 - https:\/\/yoast.com\/product\/yoast-seo-wordpress\/ -->\n<title>Inscriptions - Makirun Trail Nosy Komba<\/title>\n<meta name=\"robots\" content=\"index, follow, max-snippet:-1, max-image-preview:large, max-video-preview:-1\" \/>\n<link rel=\"canonical\" href=\"https:\/\/www.makirun.com\/index.php\/inscriptions-fermees\/\" \/>\n<meta property=\"og:locale\" content=\"fr_FR\" \/>\n<meta property=\"og:type\" content=\"article\" \/>\n<meta property=\"og:title\" content=\"Inscriptions - Makirun Trail Nosy Komba\" \/>\n<meta property=\"og:description\" content=\"Les pr\u00e9-inscriptions 2026 sont ouvertes Inscrivez vous en ligne. Vous r\u00e9cup\u00e9rerez, validerez et effectuerez les paiement en retirant votre dossard.\u00a0 Veillez \u00e0 bien remplir tous les champs.\u00a0 Votre Pr\u00e9nom (obligatoire) Votre Nom (obligatoire) Votre e-mail Date de naissance Genre HommeFemme Ma course 10km23km Tarif d&rsquo;inscription Malagasy 40 000 arR\u00e9sident 80 000 ar\u00c9tranger 160 000 (35 [&hellip;]\" \/>\n<meta property=\"og:url\" content=\"https:\/\/www.makirun.com\/index.php\/inscriptions-fermees\/\" \/>\n<meta property=\"og:site_name\" content=\"Makirun Trail Nosy Komba\" \/>\n<meta property=\"article:modified_time\" content=\"2026-03-04T17:51:05+00:00\" \/>\n<meta property=\"og:image\" content=\"https:\/\/www.makirun.com\/wp-content\/uploads\/2022\/06\/souch.jpg\" \/>\n\t<meta property=\"og:image:width\" content=\"630\" \/>\n\t<meta property=\"og:image:height\" content=\"519\" \/>\n\t<meta property=\"og:image:type\" content=\"image\/jpeg\" \/>\n<meta name=\"twitter:card\" content=\"summary_large_image\" \/>\n<meta name=\"twitter:label1\" content=\"Dur\u00e9e de lecture estim\u00e9e\" \/>\n\t<meta name=\"twitter:data1\" content=\"1 minute\" \/>\n<script type=\"application\/ld+json\" class=\"yoast-schema-graph\">{\"@context\":\"https:\\\/\\\/schema.org\",\"@graph\":[{\"@type\":\"WebPage\",\"@id\":\"https:\\\/\\\/www.makirun.com\\\/index.php\\\/inscriptions-fermees\\\/\",\"url\":\"https:\\\/\\\/www.makirun.com\\\/index.php\\\/inscriptions-fermees\\\/\",\"name\":\"Inscriptions - Makirun Trail Nosy Komba\",\"isPartOf\":{\"@id\":\"https:\\\/\\\/www.makirun.com\\\/#website\"},\"primaryImageOfPage\":{\"@id\":\"https:\\\/\\\/www.makirun.com\\\/index.php\\\/inscriptions-fermees\\\/#primaryimage\"},\"image\":{\"@id\":\"https:\\\/\\\/www.makirun.com\\\/index.php\\\/inscriptions-fermees\\\/#primaryimage\"},\"thumbnailUrl\":\"http:\\\/\\\/www.makirun.com\\\/wp-content\\\/uploads\\\/2022\\\/06\\\/souch.jpg\",\"datePublished\":\"2026-02-16T03:22:06+00:00\",\"dateModified\":\"2026-03-04T17:51:05+00:00\",\"breadcrumb\":{\"@id\":\"https:\\\/\\\/www.makirun.com\\\/index.php\\\/inscriptions-fermees\\\/#breadcrumb\"},\"inLanguage\":\"fr-FR\",\"potentialAction\":[{\"@type\":\"ReadAction\",\"target\":[\"https:\\\/\\\/www.makirun.com\\\/index.php\\\/inscriptions-fermees\\\/\"]}]},{\"@type\":\"ImageObject\",\"inLanguage\":\"fr-FR\",\"@id\":\"https:\\\/\\\/www.makirun.com\\\/index.php\\\/inscriptions-fermees\\\/#primaryimage\",\"url\":\"https:\\\/\\\/www.makirun.com\\\/wp-content\\\/uploads\\\/2022\\\/06\\\/souch.jpg\",\"contentUrl\":\"https:\\\/\\\/www.makirun.com\\\/wp-content\\\/uploads\\\/2022\\\/06\\\/souch.jpg\",\"width\":630,\"height\":519},{\"@type\":\"BreadcrumbList\",\"@id\":\"https:\\\/\\\/www.makirun.com\\\/index.php\\\/inscriptions-fermees\\\/#breadcrumb\",\"itemListElement\":[{\"@type\":\"ListItem\",\"position\":1,\"name\":\"Accueil\",\"item\":\"https:\\\/\\\/www.makirun.com\\\/\"},{\"@type\":\"ListItem\",\"position\":2,\"name\":\"Inscriptions\"}]},{\"@type\":\"WebSite\",\"@id\":\"https:\\\/\\\/www.makirun.com\\\/#website\",\"url\":\"https:\\\/\\\/www.makirun.com\\\/\",\"name\":\"Makirun Trail Nosy Komba\",\"description\":\"un trail sur l&#039;\u00eele de Nosy Komba \u00e0 Madagascar\",\"publisher\":{\"@id\":\"https:\\\/\\\/www.makirun.com\\\/#organization\"},\"potentialAction\":[{\"@type\":\"SearchAction\",\"target\":{\"@type\":\"EntryPoint\",\"urlTemplate\":\"https:\\\/\\\/www.makirun.com\\\/?s={search_term_string}\"},\"query-input\":{\"@type\":\"PropertyValueSpecification\",\"valueRequired\":true,\"valueName\":\"search_term_string\"}}],\"inLanguage\":\"fr-FR\"},{\"@type\":\"Organization\",\"@id\":\"https:\\\/\\\/www.makirun.com\\\/#organization\",\"name\":\"Makirun Trail Nosy Komba\",\"url\":\"https:\\\/\\\/www.makirun.com\\\/\",\"logo\":{\"@type\":\"ImageObject\",\"inLanguage\":\"fr-FR\",\"@id\":\"https:\\\/\\\/www.makirun.com\\\/#\\\/schema\\\/logo\\\/image\\\/\",\"url\":\"https:\\\/\\\/www.makirun.com\\\/wp-content\\\/uploads\\\/2021\\\/04\\\/logoMakiRuniconesite.jpg\",\"contentUrl\":\"https:\\\/\\\/www.makirun.com\\\/wp-content\\\/uploads\\\/2021\\\/04\\\/logoMakiRuniconesite.jpg\",\"width\":171,\"height\":100,\"caption\":\"Makirun Trail  Nosy Komba\"},\"image\":{\"@id\":\"https:\\\/\\\/www.makirun.com\\\/#\\\/schema\\\/logo\\\/image\\\/\"}}]}<\/script>\n<!-- \/ Yoast SEO plugin. -->","yoast_head_json":{"title":"Inscriptions - Makirun Trail Nosy Komba","robots":{"index":"index","follow":"follow","max-snippet":"max-snippet:-1","max-image-preview":"max-image-preview:large","max-video-preview":"max-video-preview:-1"},"canonical":"https:\/\/www.makirun.com\/index.php\/inscriptions-fermees\/","og_locale":"fr_FR","og_type":"article","og_title":"Inscriptions - Makirun Trail Nosy Komba","og_description":"Les pr\u00e9-inscriptions 2026 sont ouvertes Inscrivez vous en ligne. Vous r\u00e9cup\u00e9rerez, validerez et effectuerez les paiement en retirant votre dossard.\u00a0 Veillez \u00e0 bien remplir tous les champs.\u00a0 Votre Pr\u00e9nom (obligatoire) Votre Nom (obligatoire) Votre e-mail Date de naissance Genre HommeFemme Ma course 10km23km Tarif d&rsquo;inscription Malagasy 40 000 arR\u00e9sident 80 000 ar\u00c9tranger 160 000 (35 [&hellip;]","og_url":"https:\/\/www.makirun.com\/index.php\/inscriptions-fermees\/","og_site_name":"Makirun Trail Nosy Komba","article_modified_time":"2026-03-04T17:51:05+00:00","og_image":[{"width":630,"height":519,"url":"https:\/\/www.makirun.com\/wp-content\/uploads\/2022\/06\/souch.jpg","type":"image\/jpeg"}],"twitter_card":"summary_large_image","twitter_misc":{"Dur\u00e9e de lecture estim\u00e9e":"1 minute"},"schema":{"@context":"https:\/\/schema.org","@graph":[{"@type":"WebPage","@id":"https:\/\/www.makirun.com\/index.php\/inscriptions-fermees\/","url":"https:\/\/www.makirun.com\/index.php\/inscriptions-fermees\/","name":"Inscriptions - Makirun Trail Nosy Komba","isPartOf":{"@id":"https:\/\/www.makirun.com\/#website"},"primaryImageOfPage":{"@id":"https:\/\/www.makirun.com\/index.php\/inscriptions-fermees\/#primaryimage"},"image":{"@id":"https:\/\/www.makirun.com\/index.php\/inscriptions-fermees\/#primaryimage"},"thumbnailUrl":"http:\/\/www.makirun.com\/wp-content\/uploads\/2022\/06\/souch.jpg","datePublished":"2026-02-16T03:22:06+00:00","dateModified":"2026-03-04T17:51:05+00:00","breadcrumb":{"@id":"https:\/\/www.makirun.com\/index.php\/inscriptions-fermees\/#breadcrumb"},"inLanguage":"fr-FR","potentialAction":[{"@type":"ReadAction","target":["https:\/\/www.makirun.com\/index.php\/inscriptions-fermees\/"]}]},{"@type":"ImageObject","inLanguage":"fr-FR","@id":"https:\/\/www.makirun.com\/index.php\/inscriptions-fermees\/#primaryimage","url":"https:\/\/www.makirun.com\/wp-content\/uploads\/2022\/06\/souch.jpg","contentUrl":"https:\/\/www.makirun.com\/wp-content\/uploads\/2022\/06\/souch.jpg","width":630,"height":519},{"@type":"BreadcrumbList","@id":"https:\/\/www.makirun.com\/index.php\/inscriptions-fermees\/#breadcrumb","itemListElement":[{"@type":"ListItem","position":1,"name":"Accueil","item":"https:\/\/www.makirun.com\/"},{"@type":"ListItem","position":2,"name":"Inscriptions"}]},{"@type":"WebSite","@id":"https:\/\/www.makirun.com\/#website","url":"https:\/\/www.makirun.com\/","name":"Makirun Trail Nosy Komba","description":"un trail sur l&#039;\u00eele de Nosy Komba \u00e0 Madagascar","publisher":{"@id":"https:\/\/www.makirun.com\/#organization"},"potentialAction":[{"@type":"SearchAction","target":{"@type":"EntryPoint","urlTemplate":"https:\/\/www.makirun.com\/?s={search_term_string}"},"query-input":{"@type":"PropertyValueSpecification","valueRequired":true,"valueName":"search_term_string"}}],"inLanguage":"fr-FR"},{"@type":"Organization","@id":"https:\/\/www.makirun.com\/#organization","name":"Makirun Trail Nosy Komba","url":"https:\/\/www.makirun.com\/","logo":{"@type":"ImageObject","inLanguage":"fr-FR","@id":"https:\/\/www.makirun.com\/#\/schema\/logo\/image\/","url":"https:\/\/www.makirun.com\/wp-content\/uploads\/2021\/04\/logoMakiRuniconesite.jpg","contentUrl":"https:\/\/www.makirun.com\/wp-content\/uploads\/2021\/04\/logoMakiRuniconesite.jpg","width":171,"height":100,"caption":"Makirun Trail  Nosy Komba"},"image":{"@id":"https:\/\/www.makirun.com\/#\/schema\/logo\/image\/"}}]}},"_links":{"self":[{"href":"https:\/\/www.makirun.com\/index.php\/wp-json\/wp\/v2\/pages\/926","targetHints":{"allow":["GET"]}}],"collection":[{"href":"https:\/\/www.makirun.com\/index.php\/wp-json\/wp\/v2\/pages"}],"about":[{"href":"https:\/\/www.makirun.com\/index.php\/wp-json\/wp\/v2\/types\/page"}],"author":[{"embeddable":true,"href":"https:\/\/www.makirun.com\/index.php\/wp-json\/wp\/v2\/users\/1"}],"replies":[{"embeddable":true,"href":"https:\/\/www.makirun.com\/index.php\/wp-json\/wp\/v2\/comments?post=926"}],"version-history":[{"count":8,"href":"https:\/\/www.makirun.com\/index.php\/wp-json\/wp\/v2\/pages\/926\/revisions"}],"predecessor-version":[{"id":1299,"href":"https:\/\/www.makirun.com\/index.php\/wp-json\/wp\/v2\/pages\/926\/revisions\/1299"}],"wp:attachment":[{"href":"https:\/\/www.makirun.com\/index.php\/wp-json\/wp\/v2\/media?parent=926"}],"curies":[{"name":"wp","href":"https:\/\/api.w.org\/{rel}","templated":true}]}}